{"id":835,"date":"2023-01-04T10:18:34","date_gmt":"2023-01-04T09:18:34","guid":{"rendered":"https:\/\/stjoriscycles.nl\/?page_id=835"},"modified":"2024-11-11T16:27:47","modified_gmt":"2024-11-11T15:27:47","slug":"faq","status":"publish","type":"page","link":"https:\/\/stjoriscycles.nl\/nl\/faq\/","title":{"rendered":"Veelgestelde vragen"},"content":{"rendered":"<section class=\"l-section wpb_row us_custom_c65ebe13 height_custom\"><div class=\"l-section-h i-cf\"><div class=\"g-cols vc_row via_flex valign_middle type_default reversed stacking_default\" style=\"--additional-gap:1.5rem;\"><div class=\"vc_col-sm-12 wpb_column vc_column_container\"><div class=\"vc_column-inner\"><div class=\"wpb_wrapper\"><div class=\"g-cols wpb_row via_flex valign_top type_default stacking_default\"><div class=\"vc_col-sm-12 wpb_column vc_column_container\"><div class=\"vc_column-inner\"><div class=\"wpb_wrapper\"><div id=\"ultv-883\" class=\"ult-dual-color ult-adjust-bottom-margin ult-dual-color-responsive-desktop ultv-883\"><div class=\"ult-module-content ult-dual-color-heading\" style=\"text-align:left;\">\n\t\t\t\t\t\t<h1><span class=\"ult-before-heading\">\n\t\t\t\t\t\t<span class=\"ult-dual-heading-text ult-first-text ult-responsive\"  data-ultimate-target='.ult-dual-color.ultv-883 .ult-dual-heading-text'  data-responsive-json-new='{\"font-size\":\"\",\"line-height\":\"\"}'  style=\"color:rgba(26,26,26,0.25);     border:none; font-style:italic;font-weight:normal;\">Veel<\/span>\n\t\t\t\t\t<\/span><span class=\"ult-adv-heading\" style=\"\">\n\t\t\t\t\t\t<span class=\"ult-dual-adv-heading-text ult-highlight-text ult-responsive\"  data-ultimate-target='.ult-dual-color.ultv-883 .ult-highlight-text'  data-responsive-json-new='{\"font-size\":\"\",\"line-height\":\"\"}'  style=\"color:#1a1a1a;     border:none; font-weight:normal;\">Gestelde vragen<\/span>\n\t\t\t\t\t<\/span><\/h1> <\/div><\/div><\/div><\/div><\/div><\/div><\/div><\/div><\/div><\/div><\/div><\/section><section class=\"l-section wpb_row us_custom_c70c97eb height_custom\"><div class=\"l-section-h i-cf\"><div class=\"g-cols vc_row via_flex valign_top type_default stacking_default\"><div class=\"vc_col-sm-12 wpb_column vc_column_container\"><div class=\"vc_column-inner\"><div class=\"wpb_wrapper\"><div class=\"g-cols wpb_row us_custom_54e13d83 via_flex valign_top type_default stacking_default\"><div class=\"vc_col-sm-2 wpb_column vc_column_container\"><div class=\"vc_column-inner\"><div class=\"wpb_wrapper\"><div class=\"wpb_text_column us_custom_dfad6dcc\"><div class=\"wpb_wrapper\"><h5>Algemeen<\/h5>\n<\/div><\/div><\/div><\/div><\/div><div class=\"vc_col-sm-8 wpb_column vc_column_container\"><div class=\"vc_column-inner\"><div class=\"wpb_wrapper\"><div class=\"w-tabs style_default switch_click accordion remove_indents\" style=\"--sections-title-size:20px\"><div class=\"w-tabs-sections titles-align_none icon_plus cpos_right\"><div class=\"w-tabs-section\" id=\"eddd\" itemscope itemprop=\"mainEntity\" itemtype=\"https:\/\/schema.org\/Question\"><button class=\"w-tabs-section-header\" aria-controls=\"content-eddd\" aria-expanded=\"false\"><div class=\"w-tabs-section-title\" itemprop=\"name\">Hebben jullie standaardfietsen?<\/div><div class=\"w-tabs-section-control\"><\/div><\/button><div  class=\"w-tabs-section-content\" id=\"content-eddd\" itemscope itemprop=\"acceptedAnswer\" itemtype=\"https:\/\/schema.org\/Answer\"><div class=\"w-tabs-section-content-h i-cf\" itemprop=\"text\"><div class=\"wpb_text_column\"><div class=\"wpb_wrapper\"><p>Nee. Elke fiets die wij bouwen wordt op maat gemaakt voor de rijder.<\/p>\n<\/div><\/div><\/div><\/div><\/div><div class=\"w-tabs-section\" id=\"ff3b\" itemscope itemprop=\"mainEntity\" itemtype=\"https:\/\/schema.org\/Question\"><button class=\"w-tabs-section-header\" aria-controls=\"content-ff3b\" aria-expanded=\"false\"><div class=\"w-tabs-section-title\" itemprop=\"name\">Hoe bepaalt St Joris Cycles mijn optimale positie op de fiets?<\/div><div class=\"w-tabs-section-control\"><\/div><\/button><div  class=\"w-tabs-section-content\" id=\"content-ff3b\" itemscope itemprop=\"acceptedAnswer\" itemtype=\"https:\/\/schema.org\/Answer\"><div class=\"w-tabs-section-content-h i-cf\" itemprop=\"text\"><div class=\"wpb_text_column\"><div class=\"wpb_wrapper\"><p>Om jouw optimale positie te vinden en een fiets te bouwen die als een maatpak past, vertrouwen we niet op modellen die gebaseerd zijn op gemiddelden van de fietspopulatie. Het is bekend dat gemiddelden een slechte voorspeller zijn voor een individu vanwege de alomtegenwoordige spreiding. Bij mensen is de spreiding zelfs vrij groot. De belangrijkste factor die hiervoor verantwoordelijk is, is het gedrag van iemands rug. Is die flexibel of stijf, en waar bevindt zich de flexibiliteit?<\/p>\n<p>In plaats van te vertrouwen op modellen die redeneren vanuit een aantal ledemaatlengtes en een aantal statistieken toe te passen, hebben we een langdurige samenwerking met Pedaalkracht in Nijmegen, waarbij we hun <em>dynamische fietsaanpassing<\/em> Methode om uw optimale positie te bepalen. Mocht u medische klachten hebben met betrekking tot uw fietsgedrag, bespreek deze dan tijdens de passessie. Zodra uw optimale positie is bepaald, beginnen we met het ontwerpen van uw fiets, met uw optimale positie als uitgangspunt.<\/p>\n<\/div><\/div><\/div><\/div><\/div><div class=\"w-tabs-section\" id=\"x04a\" itemscope itemprop=\"mainEntity\" itemtype=\"https:\/\/schema.org\/Question\"><button class=\"w-tabs-section-header\" aria-controls=\"content-x04a\" aria-expanded=\"false\"><div class=\"w-tabs-section-title\" itemprop=\"name\">Ik heb de perfecte positie op mijn huidige fiets. Kun je mijn positie overnemen?<\/div><div class=\"w-tabs-section-control\"><\/div><\/button><div  class=\"w-tabs-section-content\" id=\"content-x04a\" itemscope itemprop=\"acceptedAnswer\" itemtype=\"https:\/\/schema.org\/Answer\"><div class=\"w-tabs-section-content-h i-cf\" itemprop=\"text\"><div class=\"wpb_text_column\"><div class=\"wpb_wrapper\"><p>Hoewel mensen misschien al jaren fietservaring hebben, kan het zijn dat ze jarenlang niet optimaal op hun fiets hebben gezeten en na de dynamische bikefitting bij Pedaalkracht zeggen: &quot;Dit had ik eerder moeten doen!&quot;. Wilt u echter uw huidige positie op uw nieuwe fiets laten kopi\u00ebren, dan meten wij uw pedaal-zadel-stuurpositie exact op en integreren we deze in het ontwerp van uw nieuwe fiets.<\/p>\n<\/div><\/div><\/div><\/div><\/div><div class=\"w-tabs-section\" id=\"h14f\" itemscope itemprop=\"mainEntity\" itemtype=\"https:\/\/schema.org\/Question\"><button class=\"w-tabs-section-header\" aria-controls=\"content-h14f\" aria-expanded=\"false\"><div class=\"w-tabs-section-title\" itemprop=\"name\">Wat is de optimale fietsgeometrie?<\/div><div class=\"w-tabs-section-control\"><\/div><\/button><div  class=\"w-tabs-section-content\" id=\"content-h14f\" itemscope itemprop=\"acceptedAnswer\" itemtype=\"https:\/\/schema.org\/Answer\"><div class=\"w-tabs-section-content-h i-cf\" itemprop=\"text\"><div class=\"wpb_text_column\"><div class=\"wpb_wrapper\"><p>Wat &#039;optimaal&#039; is, hangt af van het beoogde gebruik van de fiets. Bij het ontwerpen van je fiets houden we rekening met het beoogde gebruik. Wil je er criteriums mee rijden, ga je er regelmatig mee de bergen in, of wil je een allround fiets? Wij ontwerpen een fietsgeometrie die past bij jouw beoogde gebruik.<\/p>\n<\/div><\/div><\/div><\/div><\/div><div class=\"w-tabs-section\" id=\"b266\" itemscope itemprop=\"mainEntity\" itemtype=\"https:\/\/schema.org\/Question\"><button class=\"w-tabs-section-header\" aria-controls=\"content-b266\" aria-expanded=\"false\"><div class=\"w-tabs-section-title\" itemprop=\"name\">Reageren stalen fietsen niet minder?<\/div><div class=\"w-tabs-section-control\"><\/div><\/button><div  class=\"w-tabs-section-content\" id=\"content-b266\" itemscope itemprop=\"acceptedAnswer\" itemtype=\"https:\/\/schema.org\/Answer\"><div class=\"w-tabs-section-content-h i-cf\" itemprop=\"text\"><div class=\"wpb_text_column\"><div class=\"wpb_wrapper\"><p>De meest gehoorde opmerking tijdens de &#039;bezorgrit&#039; met onze klanten die hun high-end carbonfiets inruilen voor een racefiets van St. Joris Cycles is eigenlijk: &quot;Wow, wat een responsieve fiets! Hij katapulteert me vooruit!&quot; Goed gebouwde fietsen met een selectie van de nieuwste generatie stalen buizen zijn zeer responsief, maar toch comfortabel en bieden je een geweldige handling en controle in bochten en afdalingen.<\/p>\n<\/div><\/div><\/div><\/div><\/div><div class=\"w-tabs-section\" id=\"v38d\" itemscope itemprop=\"mainEntity\" itemtype=\"https:\/\/schema.org\/Question\"><button class=\"w-tabs-section-header\" aria-controls=\"content-v38d\" aria-expanded=\"false\"><div class=\"w-tabs-section-title\" itemprop=\"name\">Welk type slang gebruikt u?<\/div><div class=\"w-tabs-section-control\"><\/div><\/button><div  class=\"w-tabs-section-content\" id=\"content-v38d\" itemscope itemprop=\"acceptedAnswer\" itemtype=\"https:\/\/schema.org\/Answer\"><div class=\"w-tabs-section-content-h i-cf\" itemprop=\"text\"><div class=\"wpb_text_column\"><div class=\"wpb_wrapper\"><p>Onze fietsen zijn gebouwd met de nieuwste stalen buislegeringen van Columbus en\/of Dedacciai. We kunnen buizen in \u00e9\u00e9n frameset combineren om de profielprofielen te optimaliseren voor de specifieke framematen en ontwerpdoelen.<\/p>\n<\/div><\/div><\/div><\/div><\/div><\/div><\/div><\/div><\/div><\/div><div class=\"vc_col-sm-2 wpb_column vc_column_container\"><div class=\"vc_column-inner\"><div class=\"wpb_wrapper\"><\/div><\/div><\/div><\/div><div class=\"g-cols wpb_row via_flex valign_top type_default stacking_default\"><div class=\"vc_col-sm-2 wpb_column vc_column_container\"><div class=\"vc_column-inner\"><div class=\"wpb_wrapper\"><div class=\"wpb_text_column us_custom_dfad6dcc\"><div class=\"wpb_wrapper\"><h5>Maatwerk<\/h5>\n<\/div><\/div><\/div><\/div><\/div><div class=\"vc_col-sm-8 wpb_column vc_column_container\"><div class=\"vc_column-inner\"><div class=\"wpb_wrapper\"><div class=\"w-tabs style_default switch_click accordion remove_indents\" style=\"--sections-title-size:20px\"><div class=\"w-tabs-sections titles-align_none icon_plus cpos_right\"><div class=\"w-tabs-section\" id=\"y62d\" itemscope itemprop=\"mainEntity\" itemtype=\"https:\/\/schema.org\/Question\"><button class=\"w-tabs-section-header\" aria-controls=\"content-y62d\" aria-expanded=\"false\"><div class=\"w-tabs-section-title\" itemprop=\"name\">Ik vind je kleurenschema mooi. Kan ik elke kleurencombinatie kiezen?<\/div><div class=\"w-tabs-section-control\"><\/div><\/button><div  class=\"w-tabs-section-content\" id=\"content-y62d\" itemscope itemprop=\"acceptedAnswer\" itemtype=\"https:\/\/schema.org\/Answer\"><div class=\"w-tabs-section-content-h i-cf\" itemprop=\"text\"><div class=\"wpb_text_column\"><div class=\"wpb_wrapper\"><p>Ja. We bieden een 3D-animatie van het frame aan met de kleuren van uw keuze om u te helpen bij uw beslissing.<\/p>\n<\/div><\/div><\/div><\/div><\/div><div class=\"w-tabs-section\" id=\"l72d\" itemscope itemprop=\"mainEntity\" itemtype=\"https:\/\/schema.org\/Question\"><button class=\"w-tabs-section-header\" aria-controls=\"content-l72d\" aria-expanded=\"false\"><div class=\"w-tabs-section-title\" itemprop=\"name\">Ik wil mijn naam op mijn fiets. Kan dat?<\/div><div class=\"w-tabs-section-control\"><\/div><\/button><div  class=\"w-tabs-section-content\" id=\"content-l72d\" itemscope itemprop=\"acceptedAnswer\" itemtype=\"https:\/\/schema.org\/Answer\"><div class=\"w-tabs-section-content-h i-cf\" itemprop=\"text\"><div class=\"wpb_text_column\"><div class=\"wpb_wrapper\"><p>Zeker!<\/p>\n<\/div><\/div><\/div><\/div><\/div><div class=\"w-tabs-section\" id=\"z818\" itemscope itemprop=\"mainEntity\" itemtype=\"https:\/\/schema.org\/Question\"><button class=\"w-tabs-section-header\" aria-controls=\"content-z818\" aria-expanded=\"false\"><div class=\"w-tabs-section-title\" itemprop=\"name\">Wat is de levertijd van een custom fiets bij St Joris Cycles?<\/div><div class=\"w-tabs-section-control\"><\/div><\/button><div  class=\"w-tabs-section-content\" id=\"content-z818\" itemscope itemprop=\"acceptedAnswer\" itemtype=\"https:\/\/schema.org\/Answer\"><div class=\"w-tabs-section-content-h i-cf\" itemprop=\"text\"><div class=\"wpb_text_column\"><div class=\"wpb_wrapper\"><p>Onze fietsen worden op maat gemaakt, \u00e9\u00e9n voor \u00e9\u00e9n. Dit geldt voor de afstelling, het ontwerp, het bouwproces en de afwerking. Hierdoor is er een levertijd en een wachttijd. Onze levertijd bedraagt doorgaans zo&#039;n 9-10 maanden. Neem contact met ons op voor de actuele levertijd!<\/p>\n<\/div><\/div><\/div><\/div><\/div><div class=\"w-tabs-section\" id=\"n90e\" itemscope itemprop=\"mainEntity\" itemtype=\"https:\/\/schema.org\/Question\"><button class=\"w-tabs-section-header\" aria-controls=\"content-n90e\" aria-expanded=\"false\"><div class=\"w-tabs-section-title\" itemprop=\"name\">Ik ben in het buitenland en wil een fiets bestellen. Hoe kunnen we mijn optimale bikefit vinden?<\/div><div class=\"w-tabs-section-control\"><\/div><\/button><div  class=\"w-tabs-section-content\" id=\"content-n90e\" itemscope itemprop=\"acceptedAnswer\" itemtype=\"https:\/\/schema.org\/Answer\"><div class=\"w-tabs-section-content-h i-cf\" itemprop=\"text\"><div class=\"wpb_text_column\"><div class=\"wpb_wrapper\"><p>We raden je aan om de bikefitting bij onze partner Pedaalkracht te doen. Mocht je echter niet in de gelegenheid zijn om langs te komen, dan raden we je aan een lokale bikefitter met een goede reputatie te zoeken en ons je bikefittingresultaten te sturen. Neem contact met ons op voor een suggestie voor een bikefitter in jouw land.<\/p>\n<\/div><\/div><\/div><\/div><\/div><div class=\"w-tabs-section\" id=\"b9f4\" itemscope itemprop=\"mainEntity\" itemtype=\"https:\/\/schema.org\/Question\"><button class=\"w-tabs-section-header\" aria-controls=\"content-b9f4\" aria-expanded=\"false\"><div class=\"w-tabs-section-title\" itemprop=\"name\">Welke diensten biedt u aan eigenaren van St Joris Cycles?<\/div><div class=\"w-tabs-section-control\"><\/div><\/button><div  class=\"w-tabs-section-content\" id=\"content-b9f4\" itemscope itemprop=\"acceptedAnswer\" itemtype=\"https:\/\/schema.org\/Answer\"><div class=\"w-tabs-section-content-h i-cf\" itemprop=\"text\"><div class=\"wpb_text_column\"><div class=\"wpb_wrapper\"><p>Als service aan eigenaren van St Joris Cycles bieden wij onderhoudsdiensten aan, zodat u uw St Joris in nieuwstaat kunt houden. Wilt u uw fiets laten onderhouden, een paar nieuwe banden laten plaatsen, of wilt u upgrades of nieuwe onderdelen laten monteren? Neem dan contact met ons op om een afspraak te maken. We helpen u graag om uw fiets in optimale conditie te houden!<\/p>\n<\/div><\/div><\/div><\/div><\/div><div class=\"w-tabs-section\" id=\"nacd\" itemscope itemprop=\"mainEntity\" itemtype=\"https:\/\/schema.org\/Question\"><button class=\"w-tabs-section-header\" aria-controls=\"content-nacd\" aria-expanded=\"false\"><div class=\"w-tabs-section-title\" itemprop=\"name\">Kan ik jullie werkplaats bezoeken?<\/div><div class=\"w-tabs-section-control\"><\/div><\/button><div  class=\"w-tabs-section-content\" id=\"content-nacd\" itemscope itemprop=\"acceptedAnswer\" itemtype=\"https:\/\/schema.org\/Answer\"><div class=\"w-tabs-section-content-h i-cf\" itemprop=\"text\"><div class=\"wpb_text_column\"><div class=\"wpb_wrapper\"><p>Jazeker! We leiden u graag rond in de werkplaats! Wilt u langskomen? Neem dan contact met ons op voor een afspraak.<\/p>\n<\/div><\/div><\/div><\/div><\/div><\/div><\/div><\/div><\/div><\/div><div class=\"vc_col-sm-2 wpb_column vc_column_container\"><div class=\"vc_column-inner\"><div class=\"wpb_wrapper\"><\/div><\/div><\/div><\/div><\/div><\/div><\/div><\/div><\/div><\/section>","protected":false},"excerpt":{"rendered":"Veelgestelde vragen Algemeen Hebben jullie standaardfietsen? Nee. Elke fiets die we bouwen, wordt op maat gemaakt voor de eigenaar. Hoe vindt St Joris Cycles mijn optimale positie op de...","protected":false},"author":1,"featured_media":0,"parent":0,"menu_order":0,"comment_status":"closed","ping_status":"closed","template":"","meta":{"inline_featured_image":false,"_price":"","_stock":"","_tribe_ticket_header":"","_tribe_default_ticket_provider":"TEC\\Tickets\\Commerce\\Module","_tribe_ticket_capacity":"0","_ticket_start_date":"","_ticket_end_date":"","_tribe_ticket_show_description":"","_tribe_ticket_show_not_going":false,"_tribe_ticket_use_global_stock":"","_tribe_ticket_global_stock_level":"","_global_stock_mode":"","_global_stock_cap":"","_tribe_rsvp_for_event":"","_tribe_ticket_going_count":"","_tribe_ticket_not_going_count":"","_tribe_tickets_list":"[]","_tribe_ticket_has_attendee_info_fields":false,"footnotes":"","_tec_slr_enabled":"","_tec_slr_layout":""},"class_list":["post-835","page","type-page","status-publish","hentry"],"ticketed":false,"_links":{"self":[{"href":"https:\/\/stjoriscycles.nl\/nl\/wp-json\/wp\/v2\/pages\/835","targetHints":{"allow":["GET"]}}],"collection":[{"href":"https:\/\/stjoriscycles.nl\/nl\/wp-json\/wp\/v2\/pages"}],"about":[{"href":"https:\/\/stjoriscycles.nl\/nl\/wp-json\/wp\/v2\/types\/page"}],"author":[{"embeddable":true,"href":"https:\/\/stjoriscycles.nl\/nl\/wp-json\/wp\/v2\/users\/1"}],"replies":[{"embeddable":true,"href":"https:\/\/stjoriscycles.nl\/nl\/wp-json\/wp\/v2\/comments?post=835"}],"version-history":[{"count":0,"href":"https:\/\/stjoriscycles.nl\/nl\/wp-json\/wp\/v2\/pages\/835\/revisions"}],"wp:attachment":[{"href":"https:\/\/stjoriscycles.nl\/nl\/wp-json\/wp\/v2\/media?parent=835"}],"curies":[{"name":"wp","href":"https:\/\/api.w.org\/{rel}","templated":true}]}}